{"id":9178,"date":"2024-12-18T16:41:26","date_gmt":"2024-12-18T16:41:26","guid":{"rendered":"https:\/\/gochatterstudios.org\/base-de-fe"},"modified":"2026-02-26T12:40:28","modified_gmt":"2026-02-26T12:40:28","slug":"base-de-fe","status":"publish","type":"page","link":"https:\/\/gochatterstudios.org\/es\/base-de-fe","title":{"rendered":"Base de Fe"},"content":{"rendered":"\t\t<div data-elementor-type=\"wp-page\" data-elementor-id=\"9178\" class=\"elementor elementor-9178 elementor-4470\" data-elementor-post-type=\"page\">\n\t\t\t\t<div class=\"elementor-element elementor-element-22ae934 e-flex e-con-boxed e-con e-parent\" data-id=\"22ae934\" data-element_type=\"container\" data-e-type=\"container\" data-settings=\"{&quot;background_background&quot;:&quot;classic&quot;,&quot;shape_divider_bottom&quot;:&quot;tilt&quot;}\">\n\t\t\t\t\t<div class=\"e-con-inner\">\n\t\t\t\t<div class=\"elementor-shape elementor-shape-bottom\" aria-hidden=\"true\" data-negative=\"false\">\n\t\t\t<svg xmlns=\"http:\/\/www.w3.org\/2000\/svg\" viewBox=\"0 0 1000 100\" preserveAspectRatio=\"none\">\n\t<path class=\"elementor-shape-fill\" d=\"M0,6V0h1000v100L0,6z\"\/>\n<\/svg>\t\t<\/div>\n\t\t\t\t<div class=\"elementor-element elementor-element-99df6dc elementor-widget elementor-widget-heading\" data-id=\"99df6dc\" data-element_type=\"widget\" data-e-type=\"widget\" data-settings=\"{&quot;_animation&quot;:&quot;none&quot;}\" data-widget_type=\"heading.default\">\n\t\t\t\t<div class=\"elementor-widget-container\">\n\t\t\t\t\t<h3 class=\"elementor-heading-title elementor-size-default\">BASE<br>DE FE<\/h3>\t\t\t\t<\/div>\n\t\t\t\t<\/div>\n\t\t\t\t\t<\/div>\n\t\t\t\t<\/div>\n\t\t<div class=\"elementor-element elementor-element-768e107 e-flex e-con-boxed e-con e-parent\" data-id=\"768e107\" data-element_type=\"container\" data-e-type=\"container\" data-settings=\"{&quot;background_background&quot;:&quot;classic&quot;,&quot;shape_divider_top&quot;:&quot;tilt&quot;}\">\n\t\t\t\t\t<div class=\"e-con-inner\">\n\t\t\t\t<div class=\"elementor-shape elementor-shape-top\" aria-hidden=\"true\" data-negative=\"false\">\n\t\t\t<svg xmlns=\"http:\/\/www.w3.org\/2000\/svg\" viewBox=\"0 0 1000 100\" preserveAspectRatio=\"none\">\n\t<path class=\"elementor-shape-fill\" d=\"M0,6V0h1000v100L0,6z\"\/>\n<\/svg>\t\t<\/div>\n\t\t\t\t<div class=\"elementor-element elementor-element-dd38529 elementor-widget elementor-widget-text-editor\" data-id=\"dd38529\" data-element_type=\"widget\" data-e-type=\"widget\" data-widget_type=\"text-editor.default\">\n\t\t\t\t<div class=\"elementor-widget-container\">\n\t\t\t\t\t\t\t\t\t<p><b>Adherimos a la Base de Fe de la \u201cAlianza Evang\u00e9lica\u201d que se puede encontrar a continuaci\u00f3n:<\/b><\/p>\n<ol>\n<li>El \u00fanico Dios verdadero que vive eternamente en tres personas: el Padre, el Hijo y el Esp\u00edritu Santo.\n<\/li>\n<li>El amor, la gracia y la soberan\u00eda de Dios al crear, sostener, gobernar, redimir y juzgar el mundo.\n<\/li>\n<li>La inspiraci\u00f3n divina y la autoridad suprema de las Escrituras del Antiguo y del Nuevo Testamento, que son la Palabra escrita de Dios, plenamente confiables para la fe y la conducta.\n<\/li>\n<li>La dignidad de todas las personas, creadas hombre y mujer a imagen de Dios para amar, ser santos y cuidar la creaci\u00f3n, pero corrompidas por el pecado, que acarrea la ira y el juicio divinos.\n<\/li>\n<li>La encarnaci\u00f3n del Hijo eterno de Dios, el Se\u00f1or Jesucristo, nacido de la virgen Mar\u00eda, verdaderamente divino y verdaderamente humano, pero sin pecado.\n<\/li>\n<li>El sacrificio expiatorio de Cristo en la cruz: morir en nuestro lugar, pagar el precio del pecado y vencer el mal, reconcili\u00e1ndonos as\u00ed con Dios.\n<\/li>\n<li>La resurrecci\u00f3n corporal de Cristo, primicia de nuestra resurrecci\u00f3n; su ascensi\u00f3n al Padre, y su reinado y mediaci\u00f3n como \u00fanico Salvador del mundo.\n<\/li>\n<li>La justificaci\u00f3n de los pecadores \u00fanicamente por la gracia de Dios mediante la fe en Cristo.\n<\/li>\n<li>El ministerio de Dios Esp\u00edritu Santo, que nos conduce al arrepentimiento, nos une a Cristo a trav\u00e9s del nuevo nacimiento, fortalece nuestro discipulado y habilita nuestro testimonio.\n<\/li>\n<li>La Iglesia, el cuerpo de Cristo tanto local como universal, el sacerdocio de todos los creyentes, vivificado por el Esp\u00edritu y dotado de los dones del Esp\u00edritu para adorar a Dios y proclamar el evangelio, promoviendo la justicia y el amor.\n<\/li>\n<li>El regreso personal y visible de Jesucristo para cumplir los prop\u00f3sitos de Dios, quien elevar\u00e1 a todas las personas a juicio, traer\u00e1 vida eterna a los redimidos y condenaci\u00f3n eterna a los perdidos, y establecer\u00e1 un nuevo cielo y una nueva tierra.<\/li>\n<\/ol>\t\t\t\t\t\t\t\t<\/div>\n\t\t\t\t<\/div>\n\t\t\t\t\t<\/div>\n\t\t\t\t<\/div>\n\t\t\t\t<\/div>\n\t\t","protected":false},"excerpt":{"rendered":"<p>BASEDE FE Adherimos a la Base de Fe de la \u201cAlianza Evang\u00e9lica\u201d que se puede encontrar a continuaci\u00f3n: El \u00fanico Dios verdadero que vive eternamente en tres personas: el Padre, el Hijo y el Esp\u00edritu Santo. El amor, la gracia y la soberan\u00eda de Dios al crear, sostener, gobernar, redimir y juzgar el mundo. La [&hellip;]<\/p>\n","protected":false},"author":7,"featured_media":0,"parent":0,"menu_order":0,"comment_status":"closed","ping_status":"closed","template":"elementor_header_footer","meta":{"give_campaign_id":0,"inline_featured_image":false,"_monsterinsights_skip_tracking":false,"_monsterinsights_sitenote_active":false,"_monsterinsights_sitenote_note":"","_monsterinsights_sitenote_category":0,"ocean_post_layout":"","ocean_both_sidebars_style":"","ocean_both_sidebars_content_width":0,"ocean_both_sidebars_sidebars_width":0,"ocean_sidebar":"","ocean_second_sidebar":"","ocean_disable_margins":"enable","ocean_add_body_class":"","ocean_shortcode_before_top_bar":"","ocean_shortcode_after_top_bar":"","ocean_shortcode_before_header":"","ocean_shortcode_after_header":"","ocean_has_shortcode":"","ocean_shortcode_after_title":"","ocean_shortcode_before_footer_widgets":"","ocean_shortcode_after_footer_widgets":"","ocean_shortcode_before_footer_bottom":"","ocean_shortcode_after_footer_bottom":"","ocean_display_top_bar":"default","ocean_display_header":"default","ocean_header_style":"","ocean_center_header_left_menu":"","ocean_custom_header_template":"","ocean_custom_logo":0,"ocean_custom_retina_logo":0,"ocean_custom_logo_max_width":0,"ocean_custom_logo_tablet_max_width":0,"ocean_custom_logo_mobile_max_width":0,"ocean_custom_logo_max_height":0,"ocean_custom_logo_tablet_max_height":0,"ocean_custom_logo_mobile_max_height":0,"ocean_header_custom_menu":"","ocean_menu_typo_font_family":"","ocean_menu_typo_font_subset":"","ocean_menu_typo_font_size":0,"ocean_menu_typo_font_size_tablet":0,"ocean_menu_typo_font_size_mobile":0,"ocean_menu_typo_font_size_unit":"px","ocean_menu_typo_font_weight":"","ocean_menu_typo_font_weight_tablet":"","ocean_menu_typo_font_weight_mobile":"","ocean_menu_typo_transform":"","ocean_menu_typo_transform_tablet":"","ocean_menu_typo_transform_mobile":"","ocean_menu_typo_line_height":0,"ocean_menu_typo_line_height_tablet":0,"ocean_menu_typo_line_height_mobile":0,"ocean_menu_typo_line_height_unit":"","ocean_menu_typo_spacing":0,"ocean_menu_typo_spacing_tablet":0,"ocean_menu_typo_spacing_mobile":0,"ocean_menu_typo_spacing_unit":"","ocean_menu_link_color":"","ocean_menu_link_color_hover":"","ocean_menu_link_color_active":"","ocean_menu_link_background":"","ocean_menu_link_hover_background":"","ocean_menu_link_active_background":"","ocean_menu_social_links_bg":"","ocean_menu_social_hover_links_bg":"","ocean_menu_social_links_color":"","ocean_menu_social_hover_links_color":"","ocean_disable_title":"default","ocean_disable_heading":"default","ocean_post_title":"","ocean_post_subheading":"","ocean_post_title_style":"","ocean_post_title_background_color":"","ocean_post_title_background":0,"ocean_post_title_bg_image_position":"","ocean_post_title_bg_image_attachment":"","ocean_post_title_bg_image_repeat":"","ocean_post_title_bg_image_size":"","ocean_post_title_height":0,"ocean_post_title_bg_overlay":0.5,"ocean_post_title_bg_overlay_color":"","ocean_disable_breadcrumbs":"default","ocean_breadcrumbs_color":"","ocean_breadcrumbs_separator_color":"","ocean_breadcrumbs_links_color":"","ocean_breadcrumbs_links_hover_color":"","ocean_display_footer_widgets":"default","ocean_display_footer_bottom":"default","ocean_custom_footer_template":"","footnotes":""},"class_list":["post-9178","page","type-page","status-publish","hentry","entry"],"yoast_head":"<!-- This site is optimized with the Yoast SEO plugin v27.5 - https:\/\/yoast.com\/product\/yoast-seo-wordpress\/ -->\n<title>Base de Fe - Go Chatter Studios<\/title>\n<meta name=\"robots\" content=\"index, follow, max-snippet:-1, max-image-preview:large, max-video-preview:-1\" \/>\n<link rel=\"canonical\" href=\"https:\/\/gochatterstudios.org\/es\/base-de-fe\" \/>\n<meta property=\"og:locale\" content=\"es_ES\" \/>\n<meta property=\"og:type\" content=\"article\" \/>\n<meta property=\"og:title\" content=\"Base de Fe - Go Chatter Studios\" \/>\n<meta property=\"og:description\" content=\"BASEDE FE Adherimos a la Base de Fe de la \u201cAlianza Evang\u00e9lica\u201d que se puede encontrar a continuaci\u00f3n: El \u00fanico Dios verdadero que vive eternamente en tres personas: el Padre, el Hijo y el Esp\u00edritu Santo. El amor, la gracia y la soberan\u00eda de Dios al crear, sostener, gobernar, redimir y juzgar el mundo. La [&hellip;]\" \/>\n<meta property=\"og:url\" content=\"https:\/\/gochatterstudios.org\/es\/base-de-fe\" \/>\n<meta property=\"og:site_name\" content=\"Go Chatter Studios\" \/>\n<meta property=\"article:modified_time\" content=\"2026-02-26T12:40:28+00:00\" \/>\n<meta name=\"twitter:card\" content=\"summary_large_image\" \/>\n<meta name=\"twitter:label1\" content=\"Tiempo de lectura\" \/>\n\t<meta name=\"twitter:data1\" content=\"2 minutos\" \/>\n<script type=\"application\/ld+json\" class=\"yoast-schema-graph\">{\"@context\":\"https:\\\/\\\/schema.org\",\"@graph\":[{\"@type\":\"WebPage\",\"@id\":\"https:\\\/\\\/gochatterstudios.org\\\/es\\\/base-de-fe\",\"url\":\"https:\\\/\\\/gochatterstudios.org\\\/es\\\/base-de-fe\",\"name\":\"Base de Fe - Go Chatter Studios\",\"isPartOf\":{\"@id\":\"https:\\\/\\\/gochatterstudios.org\\\/es#website\"},\"datePublished\":\"2024-12-18T16:41:26+00:00\",\"dateModified\":\"2026-02-26T12:40:28+00:00\",\"breadcrumb\":{\"@id\":\"https:\\\/\\\/gochatterstudios.org\\\/es\\\/base-de-fe#breadcrumb\"},\"inLanguage\":\"es\",\"potentialAction\":[{\"@type\":\"ReadAction\",\"target\":[\"https:\\\/\\\/gochatterstudios.org\\\/es\\\/base-de-fe\"]}]},{\"@type\":\"BreadcrumbList\",\"@id\":\"https:\\\/\\\/gochatterstudios.org\\\/es\\\/base-de-fe#breadcrumb\",\"itemListElement\":[{\"@type\":\"ListItem\",\"position\":1,\"name\":\"Home\",\"item\":\"https:\\\/\\\/gochatterstudios.org\\\/es\\\/go-chatter-studios\"},{\"@type\":\"ListItem\",\"position\":2,\"name\":\"Base de Fe\"}]},{\"@type\":\"WebSite\",\"@id\":\"https:\\\/\\\/gochatterstudios.org\\\/es#website\",\"url\":\"https:\\\/\\\/gochatterstudios.org\\\/es\",\"name\":\"Go Chatter Studios\",\"description\":\"Making the Bible, Brick by Brick\",\"publisher\":{\"@id\":\"https:\\\/\\\/gochatterstudios.org\\\/es#organization\"},\"potentialAction\":[{\"@type\":\"SearchAction\",\"target\":{\"@type\":\"EntryPoint\",\"urlTemplate\":\"https:\\\/\\\/gochatterstudios.org\\\/es?s={search_term_string}\"},\"query-input\":{\"@type\":\"PropertyValueSpecification\",\"valueRequired\":true,\"valueName\":\"search_term_string\"}}],\"inLanguage\":\"es\"},{\"@type\":\"Organization\",\"@id\":\"https:\\\/\\\/gochatterstudios.org\\\/es#organization\",\"name\":\"Go Chatter Studios\",\"url\":\"https:\\\/\\\/gochatterstudios.org\\\/es\",\"logo\":{\"@type\":\"ImageObject\",\"inLanguage\":\"es\",\"@id\":\"https:\\\/\\\/gochatterstudios.org\\\/es#\\\/schema\\\/logo\\\/image\\\/\",\"url\":\"https:\\\/\\\/gochatterstudios.org\\\/wp-content\\\/uploads\\\/2024\\\/08\\\/GCS-Logo-White-cropped.webp\",\"contentUrl\":\"https:\\\/\\\/gochatterstudios.org\\\/wp-content\\\/uploads\\\/2024\\\/08\\\/GCS-Logo-White-cropped.webp\",\"width\":361,\"height\":377,\"caption\":\"Go Chatter Studios\"},\"image\":{\"@id\":\"https:\\\/\\\/gochatterstudios.org\\\/es#\\\/schema\\\/logo\\\/image\\\/\"}}]}<\/script>\n<!-- \/ Yoast SEO plugin. -->","yoast_head_json":{"title":"Base de Fe - Go Chatter Studios","robots":{"index":"index","follow":"follow","max-snippet":"max-snippet:-1","max-image-preview":"max-image-preview:large","max-video-preview":"max-video-preview:-1"},"canonical":"https:\/\/gochatterstudios.org\/es\/base-de-fe","og_locale":"es_ES","og_type":"article","og_title":"Base de Fe - Go Chatter Studios","og_description":"BASEDE FE Adherimos a la Base de Fe de la \u201cAlianza Evang\u00e9lica\u201d que se puede encontrar a continuaci\u00f3n: El \u00fanico Dios verdadero que vive eternamente en tres personas: el Padre, el Hijo y el Esp\u00edritu Santo. El amor, la gracia y la soberan\u00eda de Dios al crear, sostener, gobernar, redimir y juzgar el mundo. La [&hellip;]","og_url":"https:\/\/gochatterstudios.org\/es\/base-de-fe","og_site_name":"Go Chatter Studios","article_modified_time":"2026-02-26T12:40:28+00:00","twitter_card":"summary_large_image","twitter_misc":{"Tiempo de lectura":"2 minutos"},"schema":{"@context":"https:\/\/schema.org","@graph":[{"@type":"WebPage","@id":"https:\/\/gochatterstudios.org\/es\/base-de-fe","url":"https:\/\/gochatterstudios.org\/es\/base-de-fe","name":"Base de Fe - Go Chatter Studios","isPartOf":{"@id":"https:\/\/gochatterstudios.org\/es#website"},"datePublished":"2024-12-18T16:41:26+00:00","dateModified":"2026-02-26T12:40:28+00:00","breadcrumb":{"@id":"https:\/\/gochatterstudios.org\/es\/base-de-fe#breadcrumb"},"inLanguage":"es","potentialAction":[{"@type":"ReadAction","target":["https:\/\/gochatterstudios.org\/es\/base-de-fe"]}]},{"@type":"BreadcrumbList","@id":"https:\/\/gochatterstudios.org\/es\/base-de-fe#breadcrumb","itemListElement":[{"@type":"ListItem","position":1,"name":"Home","item":"https:\/\/gochatterstudios.org\/es\/go-chatter-studios"},{"@type":"ListItem","position":2,"name":"Base de Fe"}]},{"@type":"WebSite","@id":"https:\/\/gochatterstudios.org\/es#website","url":"https:\/\/gochatterstudios.org\/es","name":"Go Chatter Studios","description":"Making the Bible, Brick by Brick","publisher":{"@id":"https:\/\/gochatterstudios.org\/es#organization"},"potentialAction":[{"@type":"SearchAction","target":{"@type":"EntryPoint","urlTemplate":"https:\/\/gochatterstudios.org\/es?s={search_term_string}"},"query-input":{"@type":"PropertyValueSpecification","valueRequired":true,"valueName":"search_term_string"}}],"inLanguage":"es"},{"@type":"Organization","@id":"https:\/\/gochatterstudios.org\/es#organization","name":"Go Chatter Studios","url":"https:\/\/gochatterstudios.org\/es","logo":{"@type":"ImageObject","inLanguage":"es","@id":"https:\/\/gochatterstudios.org\/es#\/schema\/logo\/image\/","url":"https:\/\/gochatterstudios.org\/wp-content\/uploads\/2024\/08\/GCS-Logo-White-cropped.webp","contentUrl":"https:\/\/gochatterstudios.org\/wp-content\/uploads\/2024\/08\/GCS-Logo-White-cropped.webp","width":361,"height":377,"caption":"Go Chatter Studios"},"image":{"@id":"https:\/\/gochatterstudios.org\/es#\/schema\/logo\/image\/"}}]}},"campaignId":"","_links":{"self":[{"href":"https:\/\/gochatterstudios.org\/es\/wp-json\/wp\/v2\/pages\/9178","targetHints":{"allow":["GET"]}}],"collection":[{"href":"https:\/\/gochatterstudios.org\/es\/wp-json\/wp\/v2\/pages"}],"about":[{"href":"https:\/\/gochatterstudios.org\/es\/wp-json\/wp\/v2\/types\/page"}],"author":[{"embeddable":true,"href":"https:\/\/gochatterstudios.org\/es\/wp-json\/wp\/v2\/users\/7"}],"replies":[{"embeddable":true,"href":"https:\/\/gochatterstudios.org\/es\/wp-json\/wp\/v2\/comments?post=9178"}],"version-history":[{"count":3,"href":"https:\/\/gochatterstudios.org\/es\/wp-json\/wp\/v2\/pages\/9178\/revisions"}],"predecessor-version":[{"id":9182,"href":"https:\/\/gochatterstudios.org\/es\/wp-json\/wp\/v2\/pages\/9178\/revisions\/9182"}],"wp:attachment":[{"href":"https:\/\/gochatterstudios.org\/es\/wp-json\/wp\/v2\/media?parent=9178"}],"curies":[{"name":"wp","href":"https:\/\/api.w.org\/{rel}","templated":true}]}}