{"id":9139,"date":"2024-12-11T13:05:44","date_gmt":"2024-12-11T13:05:44","guid":{"rendered":"https:\/\/gochatterstudios.org\/legal-2"},"modified":"2026-03-10T23:04:52","modified_gmt":"2026-03-10T23:04:52","slug":"legales","status":"publish","type":"page","link":"https:\/\/gochatterstudios.org\/es\/legales","title":{"rendered":"Legales"},"content":{"rendered":"\t\t<div data-elementor-type=\"wp-page\" data-elementor-id=\"9139\" class=\"elementor elementor-9139 elementor-4325\" data-elementor-post-type=\"page\">\n\t\t\t\t<div class=\"elementor-element elementor-element-22ae934 e-flex e-con-boxed e-con e-parent\" data-id=\"22ae934\" data-element_type=\"container\" data-e-type=\"container\" data-settings=\"{&quot;background_background&quot;:&quot;classic&quot;,&quot;shape_divider_bottom&quot;:&quot;tilt&quot;}\">\n\t\t\t\t\t<div class=\"e-con-inner\">\n\t\t\t\t<div class=\"elementor-shape elementor-shape-bottom\" aria-hidden=\"true\" data-negative=\"false\">\n\t\t\t<svg xmlns=\"http:\/\/www.w3.org\/2000\/svg\" viewBox=\"0 0 1000 100\" preserveAspectRatio=\"none\">\n\t<path class=\"elementor-shape-fill\" d=\"M0,6V0h1000v100L0,6z\"\/>\n<\/svg>\t\t<\/div>\n\t\t\t\t<div class=\"elementor-element elementor-element-99df6dc elementor-widget elementor-widget-heading\" data-id=\"99df6dc\" data-element_type=\"widget\" data-e-type=\"widget\" data-settings=\"{&quot;_animation&quot;:&quot;none&quot;}\" data-widget_type=\"heading.default\">\n\t\t\t\t<div class=\"elementor-widget-container\">\n\t\t\t\t\t<h2 class=\"elementor-heading-title elementor-size-default\">LEGALES<\/h2>\t\t\t\t<\/div>\n\t\t\t\t<\/div>\n\t\t\t\t\t<\/div>\n\t\t\t\t<\/div>\n\t\t<div class=\"elementor-element elementor-element-768e107 e-flex e-con-boxed e-con e-parent\" data-id=\"768e107\" data-element_type=\"container\" data-e-type=\"container\" data-settings=\"{&quot;background_background&quot;:&quot;classic&quot;,&quot;shape_divider_top&quot;:&quot;tilt&quot;}\">\n\t\t\t\t\t<div class=\"e-con-inner\">\n\t\t\t\t<div class=\"elementor-shape elementor-shape-top\" aria-hidden=\"true\" data-negative=\"false\">\n\t\t\t<svg xmlns=\"http:\/\/www.w3.org\/2000\/svg\" viewBox=\"0 0 1000 100\" preserveAspectRatio=\"none\">\n\t<path class=\"elementor-shape-fill\" d=\"M0,6V0h1000v100L0,6z\"\/>\n<\/svg>\t\t<\/div>\n\t\t\t\t<div class=\"elementor-element elementor-element-dd38529 elementor-widget elementor-widget-text-editor\" data-id=\"dd38529\" data-element_type=\"widget\" data-e-type=\"widget\" data-widget_type=\"text-editor.default\">\n\t\t\t\t<div class=\"elementor-widget-container\">\n\t\t\t\t\t\t\t\t\t<p>\u00a1Hola! Somos Go Chatter Studios, y estamos muy contentos con tu visita. <\/p><p>Somos una ONG registrada en el Reino Unido (No. 1210671) dedicada a animar a las nuevas generaciones con la historia de Jes\u00fas, desde G\u00e9nesis hasta Apocalipsis, a trav\u00e9s de emocionantes animaciones con LEGO<span style=\"font-weight: 400;\">. Todo nuestro contenido est\u00e1 disponible de manera gratuita gracias a los generosos aportes de gente como t\u00fa.<\/span><\/p><p><u style=\"font-weight: bold;\">Documentos Legales<\/u><br>Si te gustar\u00eda echarle un vistazo a nuestras pol\u00edticas, puedes descargarlas debajo:<\/p><p><b><a href=\"https:\/\/go-chatter-studios-legal-documents.s3.eu-north-1.amazonaws.com\/GCS+Privacy+Policy+December+2024.pdf\">Pol\u00edtica de Privacidad<\/a><\/b><\/p><p><a href=\"https:\/\/go-chatter-studios-legal-documents.s3.eu-north-1.amazonaws.com\/GCS+Cookie+Policy+December+2024.pdf\"><b>Pol\u00edtica de Cookies<\/b><\/a><\/p>\t\t\t\t\t\t\t\t<\/div>\n\t\t\t\t<\/div>\n\t\t\t\t<div class=\"elementor-element elementor-element-ed050c9 elementor-widget elementor-widget-spacer\" data-id=\"ed050c9\" data-element_type=\"widget\" data-e-type=\"widget\" data-widget_type=\"spacer.default\">\n\t\t\t\t<div class=\"elementor-widget-container\">\n\t\t\t\t\t\t\t<div class=\"elementor-spacer\">\n\t\t\t<div class=\"elementor-spacer-inner\"><\/div>\n\t\t<\/div>\n\t\t\t\t\t\t<\/div>\n\t\t\t\t<\/div>\n\t\t\t\t<div class=\"elementor-element elementor-element-4fe90d5 elementor-widget elementor-widget-text-editor\" data-id=\"4fe90d5\" data-element_type=\"widget\" data-e-type=\"widget\" data-widget_type=\"text-editor.default\">\n\t\t\t\t<div class=\"elementor-widget-container\">\n\t\t\t\t\t\t\t\t\t<p>Este sitio esta protegido por reCAPTCHA y aplican las <a href=\"https:\/\/policies.google.com\/privacy\" target=\"_blank\" rel=\"noopener\">Pol\u00edticas de Privacidad<\/a> y <a href=\"https:\/\/policies.google.com\/terms\" target=\"_blank\" rel=\"noopener\">T\u00e9rminos de Servicio<\/a> de Google.<\/p>\t\t\t\t\t\t\t\t<\/div>\n\t\t\t\t<\/div>\n\t\t\t\t<div class=\"elementor-element elementor-element-a1cb3bc elementor-widget elementor-widget-text-editor\" data-id=\"a1cb3bc\" data-element_type=\"widget\" data-e-type=\"widget\" data-widget_type=\"text-editor.default\">\n\t\t\t\t<div class=\"elementor-widget-container\">\n\t\t\t\t\t\t\t\t\t<p>LEGO\u00ae y la Minifigura LEGO son marcas registradas de las compa\u00f1\u00edas del Grupo LEGO, que no patrocina, autoriza ni respalda este sitio.<\/p>\t\t\t\t\t\t\t\t<\/div>\n\t\t\t\t<\/div>\n\t\t\t\t\t<\/div>\n\t\t\t\t<\/div>\n\t\t\t\t<\/div>\n\t\t","protected":false},"excerpt":{"rendered":"<p>LEGALES \u00a1Hola! Somos Go Chatter Studios, y estamos muy contentos con tu visita. Somos una ONG registrada en el Reino Unido (No. 1210671) dedicada a animar a las nuevas generaciones con la historia de Jes\u00fas, desde G\u00e9nesis hasta Apocalipsis, a trav\u00e9s de emocionantes animaciones con LEGO. Todo nuestro contenido est\u00e1 disponible de manera gratuita gracias [&hellip;]<\/p>\n","protected":false},"author":7,"featured_media":0,"parent":0,"menu_order":0,"comment_status":"closed","ping_status":"closed","template":"elementor_header_footer","meta":{"give_campaign_id":0,"inline_featured_image":false,"_monsterinsights_skip_tracking":false,"_monsterinsights_sitenote_active":false,"_monsterinsights_sitenote_note":"","_monsterinsights_sitenote_category":0,"ocean_post_layout":"","ocean_both_sidebars_style":"","ocean_both_sidebars_content_width":0,"ocean_both_sidebars_sidebars_width":0,"ocean_sidebar":"","ocean_second_sidebar":"","ocean_disable_margins":"enable","ocean_add_body_class":"","ocean_shortcode_before_top_bar":"","ocean_shortcode_after_top_bar":"","ocean_shortcode_before_header":"","ocean_shortcode_after_header":"","ocean_has_shortcode":"","ocean_shortcode_after_title":"","ocean_shortcode_before_footer_widgets":"","ocean_shortcode_after_footer_widgets":"","ocean_shortcode_before_footer_bottom":"","ocean_shortcode_after_footer_bottom":"","ocean_display_top_bar":"default","ocean_display_header":"default","ocean_header_style":"","ocean_center_header_left_menu":"","ocean_custom_header_template":"","ocean_custom_logo":0,"ocean_custom_retina_logo":0,"ocean_custom_logo_max_width":0,"ocean_custom_logo_tablet_max_width":0,"ocean_custom_logo_mobile_max_width":0,"ocean_custom_logo_max_height":0,"ocean_custom_logo_tablet_max_height":0,"ocean_custom_logo_mobile_max_height":0,"ocean_header_custom_menu":"","ocean_menu_typo_font_family":"","ocean_menu_typo_font_subset":"","ocean_menu_typo_font_size":0,"ocean_menu_typo_font_size_tablet":0,"ocean_menu_typo_font_size_mobile":0,"ocean_menu_typo_font_size_unit":"px","ocean_menu_typo_font_weight":"","ocean_menu_typo_font_weight_tablet":"","ocean_menu_typo_font_weight_mobile":"","ocean_menu_typo_transform":"","ocean_menu_typo_transform_tablet":"","ocean_menu_typo_transform_mobile":"","ocean_menu_typo_line_height":0,"ocean_menu_typo_line_height_tablet":0,"ocean_menu_typo_line_height_mobile":0,"ocean_menu_typo_line_height_unit":"","ocean_menu_typo_spacing":0,"ocean_menu_typo_spacing_tablet":0,"ocean_menu_typo_spacing_mobile":0,"ocean_menu_typo_spacing_unit":"","ocean_menu_link_color":"","ocean_menu_link_color_hover":"","ocean_menu_link_color_active":"","ocean_menu_link_background":"","ocean_menu_link_hover_background":"","ocean_menu_link_active_background":"","ocean_menu_social_links_bg":"","ocean_menu_social_hover_links_bg":"","ocean_menu_social_links_color":"","ocean_menu_social_hover_links_color":"","ocean_disable_title":"default","ocean_disable_heading":"default","ocean_post_title":"","ocean_post_subheading":"","ocean_post_title_style":"","ocean_post_title_background_color":"","ocean_post_title_background":0,"ocean_post_title_bg_image_position":"","ocean_post_title_bg_image_attachment":"","ocean_post_title_bg_image_repeat":"","ocean_post_title_bg_image_size":"","ocean_post_title_height":0,"ocean_post_title_bg_overlay":0.5,"ocean_post_title_bg_overlay_color":"","ocean_disable_breadcrumbs":"default","ocean_breadcrumbs_color":"","ocean_breadcrumbs_separator_color":"","ocean_breadcrumbs_links_color":"","ocean_breadcrumbs_links_hover_color":"","ocean_display_footer_widgets":"default","ocean_display_footer_bottom":"default","ocean_custom_footer_template":"","footnotes":""},"class_list":["post-9139","page","type-page","status-publish","hentry","entry"],"yoast_head":"<!-- This site is optimized with the Yoast SEO plugin v27.5 - https:\/\/yoast.com\/product\/yoast-seo-wordpress\/ -->\n<title>Legales - Go Chatter Studios<\/title>\n<meta name=\"robots\" content=\"index, follow, max-snippet:-1, max-image-preview:large, max-video-preview:-1\" \/>\n<link rel=\"canonical\" href=\"https:\/\/gochatterstudios.org\/es\/legales\" \/>\n<meta property=\"og:locale\" content=\"es_ES\" \/>\n<meta property=\"og:type\" content=\"article\" \/>\n<meta property=\"og:title\" content=\"Legales - Go Chatter Studios\" \/>\n<meta property=\"og:description\" content=\"LEGALES \u00a1Hola! Somos Go Chatter Studios, y estamos muy contentos con tu visita. Somos una ONG registrada en el Reino Unido (No. 1210671) dedicada a animar a las nuevas generaciones con la historia de Jes\u00fas, desde G\u00e9nesis hasta Apocalipsis, a trav\u00e9s de emocionantes animaciones con LEGO. Todo nuestro contenido est\u00e1 disponible de manera gratuita gracias [&hellip;]\" \/>\n<meta property=\"og:url\" content=\"https:\/\/gochatterstudios.org\/es\/legales\" \/>\n<meta property=\"og:site_name\" content=\"Go Chatter Studios\" \/>\n<meta property=\"article:modified_time\" content=\"2026-03-10T23:04:52+00:00\" \/>\n<meta name=\"twitter:card\" content=\"summary_large_image\" \/>\n<meta name=\"twitter:label1\" content=\"Tiempo de lectura\" \/>\n\t<meta name=\"twitter:data1\" content=\"1 minuto\" \/>\n<script type=\"application\/ld+json\" class=\"yoast-schema-graph\">{\"@context\":\"https:\\\/\\\/schema.org\",\"@graph\":[{\"@type\":\"WebPage\",\"@id\":\"https:\\\/\\\/gochatterstudios.org\\\/es\\\/legales\",\"url\":\"https:\\\/\\\/gochatterstudios.org\\\/es\\\/legales\",\"name\":\"Legales - Go Chatter Studios\",\"isPartOf\":{\"@id\":\"https:\\\/\\\/gochatterstudios.org\\\/es#website\"},\"datePublished\":\"2024-12-11T13:05:44+00:00\",\"dateModified\":\"2026-03-10T23:04:52+00:00\",\"breadcrumb\":{\"@id\":\"https:\\\/\\\/gochatterstudios.org\\\/es\\\/legales#breadcrumb\"},\"inLanguage\":\"es\",\"potentialAction\":[{\"@type\":\"ReadAction\",\"target\":[\"https:\\\/\\\/gochatterstudios.org\\\/es\\\/legales\"]}]},{\"@type\":\"BreadcrumbList\",\"@id\":\"https:\\\/\\\/gochatterstudios.org\\\/es\\\/legales#breadcrumb\",\"itemListElement\":[{\"@type\":\"ListItem\",\"position\":1,\"name\":\"Home\",\"item\":\"https:\\\/\\\/gochatterstudios.org\\\/es\\\/go-chatter-studios\"},{\"@type\":\"ListItem\",\"position\":2,\"name\":\"Legales\"}]},{\"@type\":\"WebSite\",\"@id\":\"https:\\\/\\\/gochatterstudios.org\\\/es#website\",\"url\":\"https:\\\/\\\/gochatterstudios.org\\\/es\",\"name\":\"Go Chatter Studios\",\"description\":\"Making the Bible, Brick by Brick\",\"publisher\":{\"@id\":\"https:\\\/\\\/gochatterstudios.org\\\/es#organization\"},\"potentialAction\":[{\"@type\":\"SearchAction\",\"target\":{\"@type\":\"EntryPoint\",\"urlTemplate\":\"https:\\\/\\\/gochatterstudios.org\\\/es?s={search_term_string}\"},\"query-input\":{\"@type\":\"PropertyValueSpecification\",\"valueRequired\":true,\"valueName\":\"search_term_string\"}}],\"inLanguage\":\"es\"},{\"@type\":\"Organization\",\"@id\":\"https:\\\/\\\/gochatterstudios.org\\\/es#organization\",\"name\":\"Go Chatter Studios\",\"url\":\"https:\\\/\\\/gochatterstudios.org\\\/es\",\"logo\":{\"@type\":\"ImageObject\",\"inLanguage\":\"es\",\"@id\":\"https:\\\/\\\/gochatterstudios.org\\\/es#\\\/schema\\\/logo\\\/image\\\/\",\"url\":\"https:\\\/\\\/gochatterstudios.org\\\/wp-content\\\/uploads\\\/2024\\\/08\\\/GCS-Logo-White-cropped.webp\",\"contentUrl\":\"https:\\\/\\\/gochatterstudios.org\\\/wp-content\\\/uploads\\\/2024\\\/08\\\/GCS-Logo-White-cropped.webp\",\"width\":361,\"height\":377,\"caption\":\"Go Chatter Studios\"},\"image\":{\"@id\":\"https:\\\/\\\/gochatterstudios.org\\\/es#\\\/schema\\\/logo\\\/image\\\/\"}}]}<\/script>\n<!-- \/ Yoast SEO plugin. -->","yoast_head_json":{"title":"Legales - Go Chatter Studios","robots":{"index":"index","follow":"follow","max-snippet":"max-snippet:-1","max-image-preview":"max-image-preview:large","max-video-preview":"max-video-preview:-1"},"canonical":"https:\/\/gochatterstudios.org\/es\/legales","og_locale":"es_ES","og_type":"article","og_title":"Legales - Go Chatter Studios","og_description":"LEGALES \u00a1Hola! Somos Go Chatter Studios, y estamos muy contentos con tu visita. Somos una ONG registrada en el Reino Unido (No. 1210671) dedicada a animar a las nuevas generaciones con la historia de Jes\u00fas, desde G\u00e9nesis hasta Apocalipsis, a trav\u00e9s de emocionantes animaciones con LEGO. Todo nuestro contenido est\u00e1 disponible de manera gratuita gracias [&hellip;]","og_url":"https:\/\/gochatterstudios.org\/es\/legales","og_site_name":"Go Chatter Studios","article_modified_time":"2026-03-10T23:04:52+00:00","twitter_card":"summary_large_image","twitter_misc":{"Tiempo de lectura":"1 minuto"},"schema":{"@context":"https:\/\/schema.org","@graph":[{"@type":"WebPage","@id":"https:\/\/gochatterstudios.org\/es\/legales","url":"https:\/\/gochatterstudios.org\/es\/legales","name":"Legales - Go Chatter Studios","isPartOf":{"@id":"https:\/\/gochatterstudios.org\/es#website"},"datePublished":"2024-12-11T13:05:44+00:00","dateModified":"2026-03-10T23:04:52+00:00","breadcrumb":{"@id":"https:\/\/gochatterstudios.org\/es\/legales#breadcrumb"},"inLanguage":"es","potentialAction":[{"@type":"ReadAction","target":["https:\/\/gochatterstudios.org\/es\/legales"]}]},{"@type":"BreadcrumbList","@id":"https:\/\/gochatterstudios.org\/es\/legales#breadcrumb","itemListElement":[{"@type":"ListItem","position":1,"name":"Home","item":"https:\/\/gochatterstudios.org\/es\/go-chatter-studios"},{"@type":"ListItem","position":2,"name":"Legales"}]},{"@type":"WebSite","@id":"https:\/\/gochatterstudios.org\/es#website","url":"https:\/\/gochatterstudios.org\/es","name":"Go Chatter Studios","description":"Making the Bible, Brick by Brick","publisher":{"@id":"https:\/\/gochatterstudios.org\/es#organization"},"potentialAction":[{"@type":"SearchAction","target":{"@type":"EntryPoint","urlTemplate":"https:\/\/gochatterstudios.org\/es?s={search_term_string}"},"query-input":{"@type":"PropertyValueSpecification","valueRequired":true,"valueName":"search_term_string"}}],"inLanguage":"es"},{"@type":"Organization","@id":"https:\/\/gochatterstudios.org\/es#organization","name":"Go Chatter Studios","url":"https:\/\/gochatterstudios.org\/es","logo":{"@type":"ImageObject","inLanguage":"es","@id":"https:\/\/gochatterstudios.org\/es#\/schema\/logo\/image\/","url":"https:\/\/gochatterstudios.org\/wp-content\/uploads\/2024\/08\/GCS-Logo-White-cropped.webp","contentUrl":"https:\/\/gochatterstudios.org\/wp-content\/uploads\/2024\/08\/GCS-Logo-White-cropped.webp","width":361,"height":377,"caption":"Go Chatter Studios"},"image":{"@id":"https:\/\/gochatterstudios.org\/es#\/schema\/logo\/image\/"}}]}},"campaignId":"","_links":{"self":[{"href":"https:\/\/gochatterstudios.org\/es\/wp-json\/wp\/v2\/pages\/9139","targetHints":{"allow":["GET"]}}],"collection":[{"href":"https:\/\/gochatterstudios.org\/es\/wp-json\/wp\/v2\/pages"}],"about":[{"href":"https:\/\/gochatterstudios.org\/es\/wp-json\/wp\/v2\/types\/page"}],"author":[{"embeddable":true,"href":"https:\/\/gochatterstudios.org\/es\/wp-json\/wp\/v2\/users\/7"}],"replies":[{"embeddable":true,"href":"https:\/\/gochatterstudios.org\/es\/wp-json\/wp\/v2\/comments?post=9139"}],"version-history":[{"count":6,"href":"https:\/\/gochatterstudios.org\/es\/wp-json\/wp\/v2\/pages\/9139\/revisions"}],"predecessor-version":[{"id":9362,"href":"https:\/\/gochatterstudios.org\/es\/wp-json\/wp\/v2\/pages\/9139\/revisions\/9362"}],"wp:attachment":[{"href":"https:\/\/gochatterstudios.org\/es\/wp-json\/wp\/v2\/media?parent=9139"}],"curies":[{"name":"wp","href":"https:\/\/api.w.org\/{rel}","templated":true}]}}